{"id":1470,"date":"2017-09-16T17:44:41","date_gmt":"2017-09-16T15:44:41","guid":{"rendered":"http:\/\/16.170.237.3\/home\/"},"modified":"2026-03-22T23:03:48","modified_gmt":"2026-03-22T21:03:48","slug":"home","status":"publish","type":"page","link":"https:\/\/www.web-studio.lv\/en","title":{"rendered":"Home"},"content":{"rendered":"<div data-elementor-type=\"wp-page\" data-elementor-id=\"1470\" class=\"elementor elementor-1470\" data-elementor-post-type=\"page\">\n\t\t\t\t\t\t<section class=\"elementor-section elementor-top-section elementor-element elementor-element-467f907b elementor-hidden-mobile elementor-section-boxed elementor-section-height-default elementor-section-height-default\" data-id=\"467f907b\" data-element_type=\"section\" data-e-type=\"section\" data-settings=\"{&quot;background_background&quot;:&quot;classic&quot;}\">\n\t\t\t\t\t\t<div class=\"elementor-container elementor-column-gap-default\">\n\t\t\t\t\t<div class=\"elementor-column elementor-col-100 elementor-top-column elementor-element elementor-element-2c2cd6e5\" data-id=\"2c2cd6e5\" data-element_type=\"column\" data-e-type=\"column\">\n\t\t\t<div class=\"elementor-widget-wrap elementor-element-populated\">\n\t\t\t\t\t\t<div class=\"elementor-element elementor-element-31e88cea elementor-widget elementor-widget-spacer\" data-id=\"31e88cea\" data-element_type=\"widget\" data-e-type=\"widget\" data-widget_type=\"spacer.default\">\n\t\t\t\t<div class=\"elementor-widget-container\">\n\t\t\t\t\t\t\t<div class=\"elementor-spacer\">\n\t\t\t<div class=\"elementor-spacer-inner\"><\/div>\n\t\t<\/div>\n\t\t\t\t\t\t<\/div>\n\t\t\t\t<\/div>\n\t\t\t\t\t<\/div>\n\t\t<\/div>\n\t\t\t\t\t<\/div>\n\t\t<\/section>\n\t\t\t\t<section class=\"elementor-section elementor-top-section elementor-element elementor-element-706d5491 elementor-section-full_width elementor-hidden-desktop elementor-hidden-tablet elementor-section-height-default elementor-section-height-default\" data-id=\"706d5491\" data-element_type=\"section\" data-e-type=\"section\">\n\t\t\t\t\t\t<div class=\"elementor-container elementor-column-gap-no\">\n\t\t\t\t\t<div class=\"elementor-column elementor-col-100 elementor-top-column elementor-element elementor-element-2d64547c\" data-id=\"2d64547c\" data-element_type=\"column\" data-e-type=\"column\" data-settings=\"{&quot;background_background&quot;:&quot;classic&quot;}\">\n\t\t\t<div class=\"elementor-widget-wrap elementor-element-populated\">\n\t\t\t\t\t\t<div class=\"elementor-element elementor-element-6124744d elementor-widget elementor-widget-image\" data-id=\"6124744d\" data-element_type=\"widget\" data-e-type=\"widget\" data-widget_type=\"image.default\">\n\t\t\t\t<div class=\"elementor-widget-container\">\n\t\t\t\t\t\t\t\t\t\t\t\t\t\t\t<img fetchpriority=\"high\" decoding=\"async\" width=\"800\" height=\"445\" src=\"http:\/\/13.51.37.76\/wp-content\/uploads\/2026\/03\/WEB-Studio-birojs-1024x569.jpg\" class=\"attachment-large size-large wp-image-3894\" alt=\"M\u0101jaslapu izstr\u0101de | WEB-Studio-birojs\" srcset=\"\/\/13.51.37.76\/wp-content\/uploads\/2026\/03\/WEB-Studio-birojs-1024x569.jpg 1024w, \/\/13.51.37.76\/wp-content\/uploads\/2026\/03\/WEB-Studio-birojs-300x167.jpg 300w, \/\/13.51.37.76\/wp-content\/uploads\/2026\/03\/WEB-Studio-birojs-768x427.jpg 768w, \/\/13.51.37.76\/wp-content\/uploads\/2026\/03\/WEB-Studio-birojs-18x10.jpg 18w, \/\/13.51.37.76\/wp-content\/uploads\/2026\/03\/WEB-Studio-birojs.jpg 1080w\" sizes=\"(max-width: 800px) 100vw, 800px\" title=\"\">\t\t\t\t\t\t\t\t\t\t\t\t\t\t\t<\/div>\n\t\t\t\t<\/div>\n\t\t\t\t\t<\/div>\n\t\t<\/div>\n\t\t\t\t\t<\/div>\n\t\t<\/section>\n\t\t\t\t<section class=\"elementor-section elementor-top-section elementor-element elementor-element-70d4e82b elementor-section-boxed elementor-section-height-default elementor-section-height-default\" data-id=\"70d4e82b\" data-element_type=\"section\" data-e-type=\"section\">\n\t\t\t\t\t\t<div class=\"elementor-container elementor-column-gap-default\">\n\t\t\t\t\t<div class=\"elementor-column elementor-col-100 elementor-top-column elementor-element elementor-element-4986deef\" data-id=\"4986deef\" data-element_type=\"column\" data-e-type=\"column\">\n\t\t\t<div class=\"elementor-widget-wrap elementor-element-populated\">\n\t\t\t\t\t\t<div class=\"elementor-element elementor-element-2a4f7aaa elementor-widget elementor-widget-heading\" data-id=\"2a4f7aaa\" data-element_type=\"widget\" data-e-type=\"widget\" data-widget_type=\"heading.default\">\n\t\t\t\t<div class=\"elementor-widget-container\">\n\t\t\t\t\t<h1 class=\"elementor-heading-title elementor-size-default\">M\u0101jas lapu izstr\u0101de, kas piesaista klientus<br>un pal\u012bdz biznesam augt<\/h1>\t\t\t\t<\/div>\n\t\t\t\t<\/div>\n\t\t\t\t<div class=\"elementor-element elementor-element-29732d7f elementor-widget elementor-widget-heading\" data-id=\"29732d7f\" data-element_type=\"widget\" data-e-type=\"widget\" data-widget_type=\"heading.default\">\n\t\t\t\t<div class=\"elementor-widget-container\">\n\t\t\t\t\t<h2 class=\"elementor-heading-title elementor-size-default\">Modernas, \u0101tras un viegli p\u0101rvald\u0101mas m\u0101jaslapas, kas pal\u012bdz p\u0101rv\u0113rst vietnes apmekl\u0113t\u0101jus loj\u0101los klientos!<\/h2>\t\t\t\t<\/div>\n\t\t\t\t<\/div>\n\t\t\t\t<div class=\"elementor-element elementor-element-260f0d99 elementor-align-center elementor-widget elementor-widget-button\" data-id=\"260f0d99\" data-element_type=\"widget\" data-e-type=\"widget\" data-widget_type=\"button.default\">\n\t\t\t\t<div class=\"elementor-widget-container\">\n\t\t\t\t\t\t\t\t\t<div class=\"elementor-button-wrapper\">\n\t\t\t\t\t<a class=\"elementor-button elementor-button-link elementor-size-sm elementor-animation-grow\" href=\"\/en\/contacts\/\" target=\"_blank\">\n\t\t\t\t\t\t<span class=\"elementor-button-content-wrapper\">\n\t\t\t\t\t\t\t\t\t<span class=\"elementor-button-text\">Pieteikt bezmaksas konsult\u0101ciju<\/span>\n\t\t\t\t\t<\/span>\n\t\t\t\t\t<\/a>\n\t\t\t\t<\/div>\n\t\t\t\t\t\t\t\t<\/div>\n\t\t\t\t<\/div>\n\t\t\t\t<div class=\"elementor-element elementor-element-a5314b2 elementor-widget elementor-widget-heading\" data-id=\"a5314b2\" data-element_type=\"widget\" data-e-type=\"widget\" data-widget_type=\"heading.default\">\n\t\t\t\t<div class=\"elementor-widget-container\">\n\t\t\t\t\t<h2 class=\"elementor-heading-title elementor-size-default\">K\u0101p\u0113c izv\u0113l\u0113ties web-studio.lv?<\/h2>\t\t\t\t<\/div>\n\t\t\t\t<\/div>\n\t\t\t\t<div class=\"elementor-element elementor-element-18f9b4f3 elementor-widget elementor-widget-text-editor\" data-id=\"18f9b4f3\" data-element_type=\"widget\" data-e-type=\"widget\" data-widget_type=\"text-editor.default\">\n\t\t\t\t<div class=\"elementor-widget-container\">\n\t\t\t\t\t\t\t\t\t<p>M\u0101jaslapa bie\u017ei vien ir tas, kas rada pirmo iespaidu par J\u016bsu uz\u0146\u0113mumu vai produktu.<\/p><p>T\u0101p\u0113c.<\/p><p>Ir b\u016btiski, lai t\u0101 b\u016btu ne tikai vizu\u0101li pievilc\u012bga, bet ar\u012b \u0101tra, funkcion\u0101la un atrodama Google mekl\u0113t\u0101j\u0101.<\/p><p>WEB-Studio.lv specializ\u0113jas modernu web risin\u0101jumu izstr\u0101d\u0113, apvienojot p\u0101rdom\u0101tu dizainu ar augstu tehnisko kvalit\u0101ti<\/p><p>M\u0113s rad\u0101m <a href=\"\/en\/website-samples\/\" target=\"_blank\" rel=\"noopener\">vietnes, kas piesaista uzman\u012bbu, ir \u0113rti lietojamas un pal\u012bdz J\u016bsu biznesam sasniegt jaunus virsotnes digit\u0101laj\u0101 vid\u0113<\/a>.<\/p>\t\t\t\t\t\t\t\t<\/div>\n\t\t\t\t<\/div>\n\t\t\t\t<div class=\"elementor-element elementor-element-44f10ec5 elementor-widget elementor-widget-heading\" data-id=\"44f10ec5\" data-element_type=\"widget\" data-e-type=\"widget\" data-widget_type=\"heading.default\">\n\t\t\t\t<div class=\"elementor-widget-container\">\n\t\t\t\t\t<h2 class=\"elementor-heading-title elementor-size-default\">Viss nepiecie\u0161amais J\u016bsu uz\u0146\u0113muma digit\u0101lajai izaugsmei<\/h2>\t\t\t\t<\/div>\n\t\t\t\t<\/div>\n\t\t\t\t<div class=\"elementor-element elementor-element-5cfb469c elementor-widget elementor-widget-text-editor\" data-id=\"5cfb469c\" data-element_type=\"widget\" data-e-type=\"widget\" data-widget_type=\"text-editor.default\">\n\t\t\t\t<div class=\"elementor-widget-container\">\n\t\t\t\t\t\t\t\t\t<p>Google un AI mekl\u0113\u0161anas asistenti k\u013c\u016bst par galveno vietu, kur klienti mekl\u0113 produktus un pakalpojumus.<\/p><p>\u0160odien vairs nepietiek tikai ar \u201cvienk\u0101r\u0161u\u201d m\u0101jaslapu.<\/p><p>Veiksm\u012bgai klientu piesaistei m\u0113s nodro\u0161in\u0101m:<\/p><ul><li>P\u0101rdom\u0101tu vietnes strukt\u016bru &#8211; kas atvieglo pirkuma veik\u0161anu.<\/li><li>Modernu dizainu &#8211; kas izce\u013c J\u016bsu z\u012bmolu.<\/li><li>Izcilu lietot\u0101ju pieredzi (UX) \u2014 \u0113rtu vietnes lieto\u0161anu jebkur\u0101 ier\u012bc\u0113.<\/li><li>Zibens\u0101tru lapas iel\u0101di \u2014 lai nezaud\u0113tu nevienu nepaciet\u012bgu klientu.<\/li><li>AI un mekl\u0113t\u0101jservisiem optimiz\u0113tu saturu \u2014 augst\u0101k\u0101m poz\u012bcij\u0101m mekl\u0113\u0161anas rezult\u0101tos.<\/li><\/ul><pre>\u00a0<\/pre><p><a href=\"\/en\/about-us\/\" target=\"_blank\" rel=\"noopener\">M\u016bsu komanda<\/a> pied\u0101v\u0101 pilnu pakalpojumu kl\u0101stu \u2013 <a href=\"\/en\/pakalpojumi\/\" target=\"_blank\" rel=\"noopener\">no web dizaina un m\u0101jaslapu izstr\u0101des l\u012bdz vizu\u0101lo materi\u0101lu sagatavo\u0161anai un SEO optimiz\u0113tiem tekstiem<\/a>.<\/p><p>Tas m\u016bsu klientiem nodro\u0161ina stabilu kl\u0101tb\u016btni digit\u0101laj\u0101 vid\u0113, pal\u012bdz piesaist\u012bt jaunus klientus un veicina ilgtermi\u0146a izaugsmi.<\/p>\t\t\t\t\t\t\t\t<\/div>\n\t\t\t\t<\/div>\n\t\t\t\t<div class=\"elementor-element elementor-element-4b9c84f8 elementor-widget elementor-widget-image\" data-id=\"4b9c84f8\" data-element_type=\"widget\" data-e-type=\"widget\" data-widget_type=\"image.default\">\n\t\t\t\t<div class=\"elementor-widget-container\">\n\t\t\t\t\t\t\t\t\t\t\t\t\t\t\t<img decoding=\"async\" width=\"800\" height=\"446\" src=\"http:\/\/13.51.37.76\/wp-content\/uploads\/2026\/03\/WEB-Studio-birojs-1024x571.png\" class=\"attachment-large size-large wp-image-3895\" alt=\"\" srcset=\"\/\/13.51.37.76\/wp-content\/uploads\/2026\/03\/WEB-Studio-birojs-1024x571.png 1024w, \/\/13.51.37.76\/wp-content\/uploads\/2026\/03\/WEB-Studio-birojs-300x167.png 300w, \/\/13.51.37.76\/wp-content\/uploads\/2026\/03\/WEB-Studio-birojs-768x428.png 768w, \/\/13.51.37.76\/wp-content\/uploads\/2026\/03\/WEB-Studio-birojs-1536x857.png 1536w, \/\/13.51.37.76\/wp-content\/uploads\/2026\/03\/WEB-Studio-birojs-scaled.png 2048w, \/\/13.51.37.76\/wp-content\/uploads\/2026\/03\/WEB-Studio-birojs-18x10.png 18w\" sizes=\"(max-width: 800px) 100vw, 800px\" title=\"\">\t\t\t\t\t\t\t\t\t\t\t\t\t\t\t<\/div>\n\t\t\t\t<\/div>\n\t\t\t\t\t<\/div>\n\t\t<\/div>\n\t\t\t\t\t<\/div>\n\t\t<\/section>\n\t\t\t\t<section class=\"elementor-section elementor-top-section elementor-element elementor-element-56b32063 elementor-section-boxed elementor-section-height-default elementor-section-height-default\" data-id=\"56b32063\" data-element_type=\"section\" data-e-type=\"section\" data-settings=\"{&quot;background_background&quot;:&quot;classic&quot;}\">\n\t\t\t\t\t\t<div class=\"elementor-container elementor-column-gap-default\">\n\t\t\t\t\t<div class=\"elementor-column elementor-col-100 elementor-top-column elementor-element elementor-element-69064778\" data-id=\"69064778\" data-element_type=\"column\" data-e-type=\"column\">\n\t\t\t<div class=\"elementor-widget-wrap elementor-element-populated\">\n\t\t\t\t\t\t<div class=\"elementor-element elementor-element-2ec1edd3 elementor-widget elementor-widget-heading\" data-id=\"2ec1edd3\" data-element_type=\"widget\" data-e-type=\"widget\" data-widget_type=\"heading.default\">\n\t\t\t\t<div class=\"elementor-widget-container\">\n\t\t\t\t\t<h3 class=\"elementor-heading-title elementor-size-default\">WEB Studio <\/h3>\t\t\t\t<\/div>\n\t\t\t\t<\/div>\n\t\t\t\t<div class=\"elementor-element elementor-element-739c1599 elementor-widget elementor-widget-heading\" data-id=\"739c1599\" data-element_type=\"widget\" data-e-type=\"widget\" data-widget_type=\"heading.default\">\n\t\t\t\t<div class=\"elementor-widget-container\">\n\t\t\t\t\t<h2 class=\"elementor-heading-title elementor-size-default\">Elast\u012bba &amp; Izv\u0113les br\u012bv\u012bba<\/h2>\t\t\t\t<\/div>\n\t\t\t\t<\/div>\n\t\t\t\t\t<\/div>\n\t\t<\/div>\n\t\t\t\t\t<\/div>\n\t\t<\/section>\n\t\t\t\t<section class=\"elementor-section elementor-top-section elementor-element elementor-element-30e987b elementor-section-stretched elementor-section-boxed elementor-section-height-default elementor-section-height-default\" data-id=\"30e987b\" data-element_type=\"section\" data-e-type=\"section\" data-settings=\"{&quot;stretch_section&quot;:&quot;section-stretched&quot;,&quot;background_background&quot;:&quot;classic&quot;}\">\n\t\t\t\t\t\t<div class=\"elementor-container elementor-column-gap-no\">\n\t\t\t\t\t<div class=\"elementor-column elementor-col-100 elementor-top-column elementor-element elementor-element-d971d2c\" data-id=\"d971d2c\" data-element_type=\"column\" data-e-type=\"column\">\n\t\t\t<div class=\"elementor-widget-wrap elementor-element-populated\">\n\t\t\t\t\t\t<div class=\"elementor-element elementor-element-b8f8024 elementor-widget-divider--view-line elementor-widget elementor-widget-divider\" data-id=\"b8f8024\" data-element_type=\"widget\" data-e-type=\"widget\" data-widget_type=\"divider.default\">\n\t\t\t\t<div class=\"elementor-widget-container\">\n\t\t\t\t\t\t\t<div class=\"elementor-divider\">\n\t\t\t<span class=\"elementor-divider-separator\">\n\t\t\t\t\t\t<\/span>\n\t\t<\/div>\n\t\t\t\t\t\t<\/div>\n\t\t\t\t<\/div>\n\t\t\t\t<section class=\"elementor-section elementor-inner-section elementor-element elementor-element-635de4e elementor-section-boxed elementor-section-height-default elementor-section-height-default\" data-id=\"635de4e\" data-element_type=\"section\" data-e-type=\"section\">\n\t\t\t\t\t\t<div class=\"elementor-container elementor-column-gap-extended\">\n\t\t\t\t\t<div class=\"elementor-column elementor-col-33 elementor-inner-column elementor-element elementor-element-2803d30\" data-id=\"2803d30\" data-element_type=\"column\" data-e-type=\"column\">\n\t\t\t<div class=\"elementor-widget-wrap elementor-element-populated\">\n\t\t\t\t\t\t<div class=\"elementor-element elementor-element-25717dd elementor-invisible elementor-widget elementor-widget-image\" data-id=\"25717dd\" data-element_type=\"widget\" data-e-type=\"widget\" data-settings=\"{&quot;_animation&quot;:&quot;slideInUp&quot;}\" data-widget_type=\"image.default\">\n\t\t\t\t<div class=\"elementor-widget-container\">\n\t\t\t\t\t\t\t\t\t\t\t\t<figure class=\"wp-caption\">\n\t\t\t\t\t\t\t\t\t\t\t<a href=\"http:\/\/www.web-studio.lv\/en\/website-samples\/?portfolio=freelance-copywriter\" target=\"_blank\">\n\t\t\t\t\t\t\t<img decoding=\"async\" width=\"352\" height=\"472\" src=\"http:\/\/13.51.37.76\/wp-content\/uploads\/2022\/01\/agency-01_2.jpg\" class=\"elementor-animation-float attachment-full size-full wp-image-2132\" alt=\"\" srcset=\"\/\/13.51.37.76\/wp-content\/uploads\/2022\/01\/agency-01_2.jpg 352w, \/\/13.51.37.76\/wp-content\/uploads\/2022\/01\/agency-01_2-224x300.jpg 224w\" sizes=\"(max-width: 352px) 100vw, 352px\" title=\"\">\t\t\t\t\t\t\t\t<\/a>\n\t\t\t\t\t\t\t\t\t\t\t<figcaption class=\"widget-image-caption wp-caption-text\">Agency<\/figcaption>\n\t\t\t\t\t\t\t\t\t\t<\/figure>\n\t\t\t\t\t\t\t\t\t<\/div>\n\t\t\t\t<\/div>\n\t\t\t\t\t<\/div>\n\t\t<\/div>\n\t\t\t\t<div class=\"elementor-column elementor-col-33 elementor-inner-column elementor-element elementor-element-46d4c39\" data-id=\"46d4c39\" data-element_type=\"column\" data-e-type=\"column\">\n\t\t\t<div class=\"elementor-widget-wrap elementor-element-populated\">\n\t\t\t\t\t\t<div class=\"elementor-element elementor-element-dde03da elementor-invisible elementor-widget elementor-widget-image\" data-id=\"dde03da\" data-element_type=\"widget\" data-e-type=\"widget\" data-settings=\"{&quot;_animation&quot;:&quot;slideInUp&quot;}\" data-widget_type=\"image.default\">\n\t\t\t\t<div class=\"elementor-widget-container\">\n\t\t\t\t\t\t\t\t\t\t\t\t<figure class=\"wp-caption\">\n\t\t\t\t\t\t\t\t\t\t\t<a href=\"http:\/\/www.web-studio.lv\/en\/website-samples\/?portfolio=makeup-artist\" target=\"_blank\">\n\t\t\t\t\t\t\t<img loading=\"lazy\" decoding=\"async\" width=\"352\" height=\"472\" src=\"http:\/\/13.51.37.76\/wp-content\/uploads\/2022\/01\/makeup-artist_2.jpg\" class=\"elementor-animation-float attachment-full size-full wp-image-2133\" alt=\"Website makeup-artist_2\" srcset=\"\/\/13.51.37.76\/wp-content\/uploads\/2022\/01\/makeup-artist_2.jpg 352w, \/\/13.51.37.76\/wp-content\/uploads\/2022\/01\/makeup-artist_2-224x300.jpg 224w\" sizes=\"(max-width: 352px) 100vw, 352px\" title=\"\">\t\t\t\t\t\t\t\t<\/a>\n\t\t\t\t\t\t\t\t\t\t\t<figcaption class=\"widget-image-caption wp-caption-text\">Make-up Artist<\/figcaption>\n\t\t\t\t\t\t\t\t\t\t<\/figure>\n\t\t\t\t\t\t\t\t\t<\/div>\n\t\t\t\t<\/div>\n\t\t\t\t\t<\/div>\n\t\t<\/div>\n\t\t\t\t<div class=\"elementor-column elementor-col-33 elementor-inner-column elementor-element elementor-element-d51dc37\" data-id=\"d51dc37\" data-element_type=\"column\" data-e-type=\"column\">\n\t\t\t<div class=\"elementor-widget-wrap elementor-element-populated\">\n\t\t\t\t\t\t<div class=\"elementor-element elementor-element-17c2093 elementor-invisible elementor-widget elementor-widget-image\" data-id=\"17c2093\" data-element_type=\"widget\" data-e-type=\"widget\" data-settings=\"{&quot;_animation&quot;:&quot;slideInUp&quot;}\" data-widget_type=\"image.default\">\n\t\t\t\t<div class=\"elementor-widget-container\">\n\t\t\t\t\t\t\t\t\t\t\t\t<figure class=\"wp-caption\">\n\t\t\t\t\t\t\t\t\t\t\t<a href=\"http:\/\/www.web-studio.lv\/en\/website-samples\/?portfolio=co-working-space-2\" target=\"_blank\">\n\t\t\t\t\t\t\t<img loading=\"lazy\" decoding=\"async\" width=\"352\" height=\"472\" src=\"http:\/\/13.51.37.76\/wp-content\/uploads\/2022\/01\/co-working-spaces_2.jpg\" class=\"elementor-animation-float attachment-full size-full wp-image-2135\" alt=\"Website co-working-spaces_2\" srcset=\"\/\/13.51.37.76\/wp-content\/uploads\/2022\/01\/co-working-spaces_2.jpg 352w, \/\/13.51.37.76\/wp-content\/uploads\/2022\/01\/co-working-spaces_2-224x300.jpg 224w\" sizes=\"(max-width: 352px) 100vw, 352px\" title=\"\">\t\t\t\t\t\t\t\t<\/a>\n\t\t\t\t\t\t\t\t\t\t\t<figcaption class=\"widget-image-caption wp-caption-text\">Co-Working Space<\/figcaption>\n\t\t\t\t\t\t\t\t\t\t<\/figure>\n\t\t\t\t\t\t\t\t\t<\/div>\n\t\t\t\t<\/div>\n\t\t\t\t\t<\/div>\n\t\t<\/div>\n\t\t\t\t\t<\/div>\n\t\t<\/section>\n\t\t\t\t<section class=\"elementor-section elementor-inner-section elementor-element elementor-element-13fcdfd elementor-section-boxed elementor-section-height-default elementor-section-height-default\" data-id=\"13fcdfd\" data-element_type=\"section\" data-e-type=\"section\">\n\t\t\t\t\t\t<div class=\"elementor-container elementor-column-gap-extended\">\n\t\t\t\t\t<div class=\"elementor-column elementor-col-33 elementor-inner-column elementor-element elementor-element-9471eb2\" data-id=\"9471eb2\" data-element_type=\"column\" data-e-type=\"column\">\n\t\t\t<div class=\"elementor-widget-wrap elementor-element-populated\">\n\t\t\t\t\t\t<div class=\"elementor-element elementor-element-9fe03a3 elementor-invisible elementor-widget elementor-widget-image\" data-id=\"9fe03a3\" data-element_type=\"widget\" data-e-type=\"widget\" data-settings=\"{&quot;_animation&quot;:&quot;slideInUp&quot;}\" data-widget_type=\"image.default\">\n\t\t\t\t<div class=\"elementor-widget-container\">\n\t\t\t\t\t\t\t\t\t\t\t\t<figure class=\"wp-caption\">\n\t\t\t\t\t\t\t\t\t\t\t<a href=\"http:\/\/www.web-studio.lv\/en\/website-samples\/?portfolio=personal-fitness-trainer\" target=\"_blank\">\n\t\t\t\t\t\t\t<img loading=\"lazy\" decoding=\"async\" width=\"352\" height=\"472\" src=\"http:\/\/13.51.37.76\/wp-content\/uploads\/2022\/01\/fitness-coach_2.jpg\" class=\"elementor-animation-float attachment-full size-full wp-image-2136\" alt=\"Website fitness-coach_2\" srcset=\"\/\/13.51.37.76\/wp-content\/uploads\/2022\/01\/fitness-coach_2.jpg 352w, \/\/13.51.37.76\/wp-content\/uploads\/2022\/01\/fitness-coach_2-224x300.jpg 224w\" sizes=\"(max-width: 352px) 100vw, 352px\" title=\"\">\t\t\t\t\t\t\t\t<\/a>\n\t\t\t\t\t\t\t\t\t\t\t<figcaption class=\"widget-image-caption wp-caption-text\">Fitness Trainer<\/figcaption>\n\t\t\t\t\t\t\t\t\t\t<\/figure>\n\t\t\t\t\t\t\t\t\t<\/div>\n\t\t\t\t<\/div>\n\t\t\t\t\t<\/div>\n\t\t<\/div>\n\t\t\t\t<div class=\"elementor-column elementor-col-33 elementor-inner-column elementor-element elementor-element-61016ad\" data-id=\"61016ad\" data-element_type=\"column\" data-e-type=\"column\">\n\t\t\t<div class=\"elementor-widget-wrap elementor-element-populated\">\n\t\t\t\t\t\t<div class=\"elementor-element elementor-element-173e36d elementor-invisible elementor-widget elementor-widget-image\" data-id=\"173e36d\" data-element_type=\"widget\" data-e-type=\"widget\" data-settings=\"{&quot;_animation&quot;:&quot;slideInUp&quot;}\" data-widget_type=\"image.default\">\n\t\t\t\t<div class=\"elementor-widget-container\">\n\t\t\t\t\t\t\t\t\t\t\t\t<figure class=\"wp-caption\">\n\t\t\t\t\t\t\t\t\t\t\t<a href=\"http:\/\/www.web-studio.lv\/en\/website-samples\/?portfolio=disc-jockey\" target=\"_blank\">\n\t\t\t\t\t\t\t<img loading=\"lazy\" decoding=\"async\" width=\"352\" height=\"472\" src=\"http:\/\/13.51.37.76\/wp-content\/uploads\/2022\/01\/official-dj_2.jpg\" class=\"elementor-animation-float attachment-full size-full wp-image-2137\" alt=\"Website official-dj_2\" srcset=\"\/\/13.51.37.76\/wp-content\/uploads\/2022\/01\/official-dj_2.jpg 352w, \/\/13.51.37.76\/wp-content\/uploads\/2022\/01\/official-dj_2-224x300.jpg 224w\" sizes=\"(max-width: 352px) 100vw, 352px\" title=\"\">\t\t\t\t\t\t\t\t<\/a>\n\t\t\t\t\t\t\t\t\t\t\t<figcaption class=\"widget-image-caption wp-caption-text\">DJ<\/figcaption>\n\t\t\t\t\t\t\t\t\t\t<\/figure>\n\t\t\t\t\t\t\t\t\t<\/div>\n\t\t\t\t<\/div>\n\t\t\t\t\t<\/div>\n\t\t<\/div>\n\t\t\t\t<div class=\"elementor-column elementor-col-33 elementor-inner-column elementor-element elementor-element-1fba40d\" data-id=\"1fba40d\" data-element_type=\"column\" data-e-type=\"column\">\n\t\t\t<div class=\"elementor-widget-wrap elementor-element-populated\">\n\t\t\t\t\t\t<div class=\"elementor-element elementor-element-21848c4 elementor-invisible elementor-widget elementor-widget-image\" data-id=\"21848c4\" data-element_type=\"widget\" data-e-type=\"widget\" data-settings=\"{&quot;_animation&quot;:&quot;slideInUp&quot;}\" data-widget_type=\"image.default\">\n\t\t\t\t<div class=\"elementor-widget-container\">\n\t\t\t\t\t\t\t\t\t\t\t\t<figure class=\"wp-caption\">\n\t\t\t\t\t\t\t\t\t\t\t<a href=\"http:\/\/www.web-studio.lv\/en\/website-samples\/?portfolio=wedding-invitation\" target=\"_blank\">\n\t\t\t\t\t\t\t<img loading=\"lazy\" decoding=\"async\" width=\"352\" height=\"472\" src=\"http:\/\/13.51.37.76\/wp-content\/uploads\/2022\/01\/sally-mark-wedding_2.jpg\" class=\"elementor-animation-float attachment-full size-full wp-image-2138\" alt=\"Website sally-mark-wedding_2\" srcset=\"\/\/13.51.37.76\/wp-content\/uploads\/2022\/01\/sally-mark-wedding_2.jpg 352w, \/\/13.51.37.76\/wp-content\/uploads\/2022\/01\/sally-mark-wedding_2-224x300.jpg 224w\" sizes=\"(max-width: 352px) 100vw, 352px\" title=\"\">\t\t\t\t\t\t\t\t<\/a>\n\t\t\t\t\t\t\t\t\t\t\t<figcaption class=\"widget-image-caption wp-caption-text\">Wedding<\/figcaption>\n\t\t\t\t\t\t\t\t\t\t<\/figure>\n\t\t\t\t\t\t\t\t\t<\/div>\n\t\t\t\t<\/div>\n\t\t\t\t\t<\/div>\n\t\t<\/div>\n\t\t\t\t\t<\/div>\n\t\t<\/section>\n\t\t\t\t<div class=\"elementor-element elementor-element-1d98151 elementor-align-center elementor-widget elementor-widget-button\" data-id=\"1d98151\" data-element_type=\"widget\" data-e-type=\"widget\" data-widget_type=\"button.default\">\n\t\t\t\t<div class=\"elementor-widget-container\">\n\t\t\t\t\t\t\t\t\t<div class=\"elementor-button-wrapper\">\n\t\t\t\t\t<a class=\"elementor-button elementor-button-link elementor-size-sm elementor-animation-grow\" href=\"\/en\/website-samples\/\" target=\"_blank\">\n\t\t\t\t\t\t<span class=\"elementor-button-content-wrapper\">\n\t\t\t\t\t\t\t\t\t<span class=\"elementor-button-text\">Visi m\u0101jaslapu un e-veikalu dizaina piem\u0113ri<\/span>\n\t\t\t\t\t<\/span>\n\t\t\t\t\t<\/a>\n\t\t\t\t<\/div>\n\t\t\t\t\t\t\t\t<\/div>\n\t\t\t\t<\/div>\n\t\t\t\t<div class=\"elementor-element elementor-element-42d9ca0 elementor-align-center elementor-widget elementor-widget-button\" data-id=\"42d9ca0\" data-element_type=\"widget\" data-e-type=\"widget\" data-widget_type=\"button.default\">\n\t\t\t\t<div class=\"elementor-widget-container\">\n\t\t\t\t\t\t\t\t\t<div class=\"elementor-button-wrapper\">\n\t\t\t\t\t<a class=\"elementor-button elementor-button-link elementor-size-sm elementor-animation-grow\" href=\"\/en\/contacts\/\" target=\"_blank\">\n\t\t\t\t\t\t<span class=\"elementor-button-content-wrapper\">\n\t\t\t\t\t\t\t\t\t<span class=\"elementor-button-text\">Pieteikt bezmaksas konsult\u0101ciju<\/span>\n\t\t\t\t\t<\/span>\n\t\t\t\t\t<\/a>\n\t\t\t\t<\/div>\n\t\t\t\t\t\t\t\t<\/div>\n\t\t\t\t<\/div>\n\t\t\t\t\t<\/div>\n\t\t<\/div>\n\t\t\t\t\t<\/div>\n\t\t<\/section>\n\t\t\t\t<\/div>","protected":false},"excerpt":{"rendered":"<p>M\u0101jas lapu izstr\u0101de, kas piesaista klientusun pal\u012bdz biznesam augt Modernas, \u0101tras un viegli p\u0101rvald\u0101mas m\u0101jaslapas, kas pal\u012bdz p\u0101rv\u0113rst vietnes apmekl\u0113t\u0101jus loj\u0101los klientos! Pieteikt bezmaksas konsult\u0101ciju K\u0101p\u0113c izv\u0113l\u0113ties web-studio.lv? M\u0101jaslapa bie\u017ei vien ir tas, kas rada pirmo iespaidu par J\u016bsu uz\u0146\u0113mumu vai produktu. T\u0101p\u0113c. Ir b\u016btiski, lai t\u0101 b\u016btu ne tikai vizu\u0101li pievilc\u012bga, bet ar\u012b \u0101tra, [&hellip;]<\/p>\n","protected":false},"author":2,"featured_media":0,"parent":0,"menu_order":0,"comment_status":"closed","ping_status":"closed","template":"","meta":{"footnotes":""},"class_list":["post-1470","page","type-page","status-publish","hentry"],"_links":{"self":[{"href":"https:\/\/www.web-studio.lv\/en\/wp-json\/wp\/v2\/pages\/1470","targetHints":{"allow":["GET"]}}],"collection":[{"href":"https:\/\/www.web-studio.lv\/en\/wp-json\/wp\/v2\/pages"}],"about":[{"href":"https:\/\/www.web-studio.lv\/en\/wp-json\/wp\/v2\/types\/page"}],"author":[{"embeddable":true,"href":"https:\/\/www.web-studio.lv\/en\/wp-json\/wp\/v2\/users\/2"}],"replies":[{"embeddable":true,"href":"https:\/\/www.web-studio.lv\/en\/wp-json\/wp\/v2\/comments?post=1470"}],"version-history":[{"count":0,"href":"https:\/\/www.web-studio.lv\/en\/wp-json\/wp\/v2\/pages\/1470\/revisions"}],"wp:attachment":[{"href":"https:\/\/www.web-studio.lv\/en\/wp-json\/wp\/v2\/media?parent=1470"}],"curies":[{"name":"wp","href":"https:\/\/api.w.org\/{rel}","templated":true}]}}